{"id":2350,"date":"2023-02-20T03:47:57","date_gmt":"2023-02-20T03:47:57","guid":{"rendered":"https:\/\/ueboriente.cinesoft.cu\/?page_id=2350"},"modified":"2023-02-22T06:54:36","modified_gmt":"2023-02-22T06:54:36","slug":"vv_matanzas","status":"publish","type":"page","link":"https:\/\/ueboriente.cinesoft.cu\/?page_id=2350","title":{"rendered":"VV_Matanzas"},"content":{"rendered":"\t\t<div data-elementor-type=\"wp-page\" data-elementor-id=\"2350\" class=\"elementor elementor-2350\">\n\t\t\t\t\t\t\t\t\t<section class=\"elementor-section elementor-top-section elementor-element elementor-element-11045c0 elementor-section-boxed elementor-section-height-default elementor-section-height-default\" data-id=\"11045c0\" data-element_type=\"section\">\n\t\t\t\t\t\t<div class=\"elementor-container elementor-column-gap-default\">\n\t\t\t\t\t<div class=\"elementor-column elementor-col-100 elementor-top-column elementor-element elementor-element-b4283ec\" data-id=\"b4283ec\" data-element_type=\"column\">\n\t\t\t<div class=\"elementor-widget-wrap elementor-element-populated\">\n\t\t\t\t\t\t\t\t<div class=\"elementor-element elementor-element-96d3484 elementor-widget elementor-widget-spacer\" data-id=\"96d3484\" data-element_type=\"widget\" data-widget_type=\"spacer.default\">\n\t\t\t\t<div class=\"elementor-widget-container\">\n\t\t\t<style>\/*! elementor - v3.11.1 - 15-02-2023 *\/\n.elementor-column .elementor-spacer-inner{height:var(--spacer-size)}.e-con{--container-widget-width:100%}.e-con-inner>.elementor-widget-spacer,.e-con>.elementor-widget-spacer{width:var(--container-widget-width,var(--spacer-size));--align-self:var(--container-widget-align-self,initial);--flex-shrink:0}.e-con-inner>.elementor-widget-spacer>.elementor-widget-container,.e-con-inner>.elementor-widget-spacer>.elementor-widget-container>.elementor-spacer,.e-con>.elementor-widget-spacer>.elementor-widget-container,.e-con>.elementor-widget-spacer>.elementor-widget-container>.elementor-spacer{height:100%}.e-con-inner>.elementor-widget-spacer>.elementor-widget-container>.elementor-spacer>.elementor-spacer-inner,.e-con>.elementor-widget-spacer>.elementor-widget-container>.elementor-spacer>.elementor-spacer-inner{height:var(--container-widget-height,var(--spacer-size))}<\/style>\t\t<div class=\"elementor-spacer\">\n\t\t\t<div class=\"elementor-spacer-inner\"><\/div>\n\t\t<\/div>\n\t\t\t\t<\/div>\n\t\t\t\t<\/div>\n\t\t\t\t\t<\/div>\n\t\t<\/div>\n\t\t\t\t\t\t\t<\/div>\n\t\t<\/section>\n\t\t\t\t<section class=\"elementor-section elementor-top-section elementor-element elementor-element-5225bfd elementor-section-boxed elementor-section-height-default elementor-section-height-default\" data-id=\"5225bfd\" data-element_type=\"section\">\n\t\t\t\t\t\t<div class=\"elementor-container elementor-column-gap-default\">\n\t\t\t\t\t<div class=\"elementor-column elementor-col-100 elementor-top-column elementor-element elementor-element-ea843d4\" data-id=\"ea843d4\" data-element_type=\"column\">\n\t\t\t<div class=\"elementor-widget-wrap elementor-element-populated\">\n\t\t\t\t\t\t\t\t<div class=\"elementor-element elementor-element-e82a178 elementor-widget elementor-widget-heading\" data-id=\"e82a178\" data-element_type=\"widget\" data-widget_type=\"heading.default\">\n\t\t\t\t<div class=\"elementor-widget-container\">\n\t\t\t<style>\/*! elementor - v3.11.1 - 15-02-2023 *\/\n.elementor-heading-title{padding:0;margin:0;line-height:1}.elementor-widget-heading .elementor-heading-title[class*=elementor-size-]>a{color:inherit;font-size:inherit;line-height:inherit}.elementor-widget-heading .elementor-heading-title.elementor-size-small{font-size:15px}.elementor-widget-heading .elementor-heading-title.elementor-size-medium{font-size:19px}.elementor-widget-heading .elementor-heading-title.elementor-size-large{font-size:29px}.elementor-widget-heading .elementor-heading-title.elementor-size-xl{font-size:39px}.elementor-widget-heading .elementor-heading-title.elementor-size-xxl{font-size:59px}<\/style><h4 class=\"elementor-heading-title elementor-size-default\">Museo Casas de los M\u00e1rtires del Moncada<\/h4>\t\t<\/div>\n\t\t\t\t<\/div>\n\t\t\t\t<div class=\"elementor-element elementor-element-171b276 elementor-widget elementor-widget-video\" data-id=\"171b276\" data-element_type=\"widget\" data-settings=\"{&quot;video_type&quot;:&quot;hosted&quot;,&quot;start&quot;:2,&quot;controls&quot;:&quot;yes&quot;}\" data-widget_type=\"video.default\">\n\t\t\t\t<div class=\"elementor-widget-container\">\n\t\t\t<style>\/*! elementor - v3.11.1 - 15-02-2023 *\/\n.elementor-widget-video .elementor-widget-container{overflow:hidden;transform:translateZ(0)}.elementor-widget-video .elementor-wrapper iframe,.elementor-widget-video .elementor-wrapper video{height:100%;width:100%;border:none;background-color:#000}.elementor-widget-video .elementor-open-inline .elementor-custom-embed-image-overlay{position:absolute;top:0;left:0;width:100%;height:100%;background-size:cover;background-position:50%}.elementor-widget-video .elementor-custom-embed-image-overlay{cursor:pointer;text-align:center}.elementor-widget-video .elementor-custom-embed-image-overlay:hover .elementor-custom-embed-play i{opacity:1}.elementor-widget-video .elementor-custom-embed-image-overlay img{display:block;width:100%}.elementor-widget-video .e-hosted-video .elementor-video{-o-object-fit:cover;object-fit:cover}.e-con-inner>.elementor-widget-video,.e-con>.elementor-widget-video{width:var(--container-widget-width);--flex-grow:var(--container-widget-flex-grow)}<\/style>\t\t<div class=\"e-hosted-video elementor-wrapper elementor-open-inline\">\n\t\t\t\t\t<video class=\"elementor-video\" src=\"https:\/\/ueboriente.cinesoft.cu\/wp-content\/uploads\/2020\/12\/Martires-Colon.webm#t=2\" controls=\"\" preload=\"metadata\" controlsList=\"nodownload\"><\/video>\n\t\t\t\t<\/div>\n\t\t\t\t<\/div>\n\t\t\t\t<\/div>\n\t\t\t\t<div class=\"elementor-element elementor-element-7e6b1f9 elementor-widget elementor-widget-text-editor\" data-id=\"7e6b1f9\" data-element_type=\"widget\" data-widget_type=\"text-editor.default\">\n\t\t\t\t<div class=\"elementor-widget-container\">\n\t\t\t<style>\/*! elementor - v3.11.1 - 15-02-2023 *\/\n.elementor-widget-text-editor.elementor-drop-cap-view-stacked .elementor-drop-cap{background-color:#818a91;color:#fff}.elementor-widget-text-editor.elementor-drop-cap-view-framed .elementor-drop-cap{color:#818a91;border:3px solid;background-color:transparent}.elementor-widget-text-editor:not(.elementor-drop-cap-view-default) .elementor-drop-cap{margin-top:8px}.elementor-widget-text-editor:not(.elementor-drop-cap-view-default) .elementor-drop-cap-letter{width:1em;height:1em}.elementor-widget-text-editor .elementor-drop-cap{float:left;text-align:center;line-height:1;font-size:50px}.elementor-widget-text-editor .elementor-drop-cap-letter{display:inline-block}<\/style>\t\t\t\t<p>En esta Visita Virtual se muestra toda la informaci\u00f3n pertinente sobre el Museo Casa de los M\u00e1rtires del Moncada, el cual ofrece una visi\u00f3n de los siete m\u00e1rtires matanceros, la vida y obra revolucionaria de Mario Mu\u00f1oz y el cumplimiento del Programa del Moncada en el municipio. El museo Casa de los M\u00e1rtires del Moncada se fund\u00f3 el 21 de julio de 1974, con el nombre Casa de los M\u00e1rtires de la Regi\u00f3n Col\u00f3n, siendo su gestor principal Roberto Mu\u00f1oz Monroy, hermano del m\u00e1rtir .En 1982\u00a0 adquiere el nombre actual, como justo y merecido homenaje a los\u00a0 m\u00e1rtires matanceros de las acciones del 26 de Julio de 1953. Este producto inform\u00e1tico est\u00e1 conformado por tres m\u00f3dulos: El recorrido virtual que constituye la capa donde se encuentra la explicaci\u00f3n museol\u00f3gica, la mediateca que es la capa informacional para profundizar sobre los contenidos que se abordan (documentos y videos) y el espacio educativo compuesto por dos secciones: Un cuestionario interactivo y las actividades l\u00fadicas.<\/p>\t\t\t\t\t\t<\/div>\n\t\t\t\t<\/div>\n\t\t\t\t\t<\/div>\n\t\t<\/div>\n\t\t\t\t\t\t\t<\/div>\n\t\t<\/section>\n\t\t\t\t\t\t\t<\/div>\n\t\t","protected":false},"excerpt":{"rendered":"<p>Museo Casas de los M\u00e1rtires del Moncada https:\/\/ueboriente.cinesoft.cu\/wp-content\/uploads\/2020\/12\/Martires-Colon.webm#t=2 En esta Visita Virtual se muestra toda la informaci\u00f3n pertinente sobre el Museo Casa de los M\u00e1rtires del Moncada, el cual ofrece una visi\u00f3n de los siete m\u00e1rtires matanceros, la vida y obra revolucionaria de Mario Mu\u00f1oz y el cumplimiento del Programa del Moncada en el municipio.&hellip; <br \/> <a class=\"button small blue\" href=\"https:\/\/ueboriente.cinesoft.cu\/?page_id=2350\">Leer m\u00e1s<\/a><\/p>\n","protected":false},"author":2,"featured_media":0,"parent":0,"menu_order":0,"comment_status":"closed","ping_status":"closed","template":"","meta":[],"_links":{"self":[{"href":"https:\/\/ueboriente.cinesoft.cu\/index.php?rest_route=\/wp\/v2\/pages\/2350"}],"collection":[{"href":"https:\/\/ueboriente.cinesoft.cu\/index.php?rest_route=\/wp\/v2\/pages"}],"about":[{"href":"https:\/\/ueboriente.cinesoft.cu\/index.php?rest_route=\/wp\/v2\/types\/page"}],"author":[{"embeddable":true,"href":"https:\/\/ueboriente.cinesoft.cu\/index.php?rest_route=\/wp\/v2\/users\/2"}],"replies":[{"embeddable":true,"href":"https:\/\/ueboriente.cinesoft.cu\/index.php?rest_route=%2Fwp%2Fv2%2Fcomments&post=2350"}],"version-history":[{"count":10,"href":"https:\/\/ueboriente.cinesoft.cu\/index.php?rest_route=\/wp\/v2\/pages\/2350\/revisions"}],"predecessor-version":[{"id":2407,"href":"https:\/\/ueboriente.cinesoft.cu\/index.php?rest_route=\/wp\/v2\/pages\/2350\/revisions\/2407"}],"wp:attachment":[{"href":"https:\/\/ueboriente.cinesoft.cu\/index.php?rest_route=%2Fwp%2Fv2%2Fmedia&parent=2350"}],"curies":[{"name":"wp","href":"https:\/\/api.w.org\/{rel}","templated":true}]}}