{"id":683,"date":"2020-12-15T09:49:48","date_gmt":"2020-12-15T09:49:48","guid":{"rendered":"https:\/\/ueboriente.cinesoft.cu\/?page_id=683"},"modified":"2021-01-27T13:33:31","modified_gmt":"2021-01-27T13:33:31","slug":"laboratorios-virtuales-de-quimica","status":"publish","type":"page","link":"https:\/\/ueboriente.cinesoft.cu\/?page_id=683","title":{"rendered":"Laboratorios virtuales de qu\u00edmica"},"content":{"rendered":"\n<div class=\"wp-block-columns is-layout-flex wp-container-3\">\n<div class=\"wp-block-column is-layout-flow\">\n<figure class=\"wp-block-video\"><video controls poster=\"https:\/\/ueboriente.cinesoft.cu\/wp-content\/uploads\/2020\/12\/lab1.jpg\" src=\"https:\/\/ueboriente.cinesoft.cu\/wp-content\/uploads\/2020\/12\/laboratorio1.webm\"><\/video><figcaption>Propiedades de las sustancias simples<\/figcaption><\/figure>\n<\/div>\n\n\n\n<div class=\"wp-block-column is-layout-flow\">\n<figure class=\"wp-block-video\"><video controls poster=\"https:\/\/ueboriente.cinesoft.cu\/wp-content\/uploads\/2020\/12\/lab2.jpg\" src=\"https:\/\/ueboriente.cinesoft.cu\/wp-content\/uploads\/2020\/12\/laboratorio2.webm\"><\/video><figcaption>Propiedades de los compuestos i\u00f3nicos y covalentes<\/figcaption><\/figure>\n<\/div>\n<\/div>\n\n\n\n<div class=\"wp-block-columns is-layout-flex wp-container-6\">\n<div class=\"wp-block-column is-layout-flow\">\n<figure class=\"wp-block-video\"><video controls poster=\"https:\/\/ueboriente.cinesoft.cu\/wp-content\/uploads\/2020\/12\/lab3.jpg\" src=\"https:\/\/ueboriente.cinesoft.cu\/wp-content\/uploads\/2020\/12\/laboratorio3.webm\"><\/video><figcaption>Identificaci\u00f3n de sustancias qu\u00edmicas<\/figcaption><\/figure>\n<\/div>\n\n\n\n<div class=\"wp-block-column is-layout-flow\">\n<figure class=\"wp-block-video\"><video controls poster=\"https:\/\/ueboriente.cinesoft.cu\/wp-content\/uploads\/2020\/12\/lab4.jpg\" src=\"https:\/\/ueboriente.cinesoft.cu\/wp-content\/uploads\/2020\/12\/laboratorio4.webm\"><\/video><figcaption>Reacciones qu\u00edmicas exot\u00e9rmicas y endot\u00e9rmicas<\/figcaption><\/figure>\n<\/div>\n<\/div>\n\n\n\n<div class=\"wp-block-columns is-layout-flex wp-container-9\">\n<div class=\"wp-block-column is-layout-flow\">\n<figure class=\"wp-block-video\"><video controls poster=\"https:\/\/ueboriente.cinesoft.cu\/wp-content\/uploads\/2020\/12\/lab5.jpg\" src=\"https:\/\/ueboriente.cinesoft.cu\/wp-content\/uploads\/2020\/12\/laboratorio5.webm\"><\/video><figcaption>Representaci\u00f3n de los efectos de la lluvia \u00e1cida<\/figcaption><\/figure>\n<\/div>\n\n\n\n<div class=\"wp-block-column is-layout-flow\"><\/div>\n<\/div>\n\n\n\n<div class=\"wp-block-buttons is-layout-flex\">\n<div class=\"wp-block-button\"><a class=\"wp-block-button__link has-white-color has-vivid-cyan-blue-background-color has-text-color has-background no-border-radius\" href=\"https:\/\/ueboriente.cinesoft.cu\/?page_id=479\">Regresar<\/a><\/div>\n<\/div>\n\n\n\n<p><\/p>\n","protected":false},"excerpt":{"rendered":"","protected":false},"author":1,"featured_media":0,"parent":0,"menu_order":0,"comment_status":"closed","ping_status":"closed","template":"","meta":[],"_links":{"self":[{"href":"https:\/\/ueboriente.cinesoft.cu\/index.php?rest_route=\/wp\/v2\/pages\/683"}],"collection":[{"href":"https:\/\/ueboriente.cinesoft.cu\/index.php?rest_route=\/wp\/v2\/pages"}],"about":[{"href":"https:\/\/ueboriente.cinesoft.cu\/index.php?rest_route=\/wp\/v2\/types\/page"}],"author":[{"embeddable":true,"href":"https:\/\/ueboriente.cinesoft.cu\/index.php?rest_route=\/wp\/v2\/users\/1"}],"replies":[{"embeddable":true,"href":"https:\/\/ueboriente.cinesoft.cu\/index.php?rest_route=%2Fwp%2Fv2%2Fcomments&post=683"}],"version-history":[{"count":12,"href":"https:\/\/ueboriente.cinesoft.cu\/index.php?rest_route=\/wp\/v2\/pages\/683\/revisions"}],"predecessor-version":[{"id":846,"href":"https:\/\/ueboriente.cinesoft.cu\/index.php?rest_route=\/wp\/v2\/pages\/683\/revisions\/846"}],"wp:attachment":[{"href":"https:\/\/ueboriente.cinesoft.cu\/index.php?rest_route=%2Fwp%2Fv2%2Fmedia&parent=683"}],"curies":[{"name":"wp","href":"https:\/\/api.w.org\/{rel}","templated":true}]}}