{"id":704,"date":"2020-12-15T10:30:10","date_gmt":"2020-12-15T10:30:10","guid":{"rendered":"https:\/\/ueboriente.cinesoft.cu\/?page_id=704"},"modified":"2021-01-27T13:30:35","modified_gmt":"2021-01-27T13:30:35","slug":"repasadores-para-las-pruebas-de-ingreso-al-nivel-superior","status":"publish","type":"page","link":"https:\/\/ueboriente.cinesoft.cu\/?page_id=704","title":{"rendered":"Repasadores para las pruebas de ingreso al nivel superior"},"content":{"rendered":"\n<h4 class=\"has-text-align-center wp-block-heading\">ESPA\u00d1OL<\/h4>\n\n\n\n<div class=\"wp-block-columns is-layout-flex wp-container-3\">\n<div class=\"wp-block-column is-layout-flow\">\n<figure class=\"wp-block-video\"><video controls poster=\"https:\/\/ueboriente.cinesoft.cu\/wp-content\/uploads\/2020\/12\/ingreso1.jpg\" src=\"https:\/\/ueboriente.cinesoft.cu\/wp-content\/uploads\/2020\/12\/pruebaingreso1.webm\"><\/video><figcaption>Espa\u00f1ol. Comprensi\u00f3n y Redacci\u00f3n. Vol. I<\/figcaption><\/figure>\n<\/div>\n\n\n\n<div class=\"wp-block-column is-layout-flow\">\n<figure class=\"wp-block-video\"><video controls poster=\"https:\/\/ueboriente.cinesoft.cu\/wp-content\/uploads\/2020\/12\/ingreso2.jpg\" src=\"https:\/\/ueboriente.cinesoft.cu\/wp-content\/uploads\/2020\/12\/pruebaingreso2.webm\"><\/video><figcaption>Espa\u00f1ol. Comprensi\u00f3n y Redacci\u00f3n. Vol. II<\/figcaption><\/figure>\n<\/div>\n<\/div>\n\n\n\n<div class=\"wp-block-columns is-layout-flex wp-container-6\">\n<div class=\"wp-block-column is-layout-flow\">\n<figure class=\"wp-block-video\"><video controls poster=\"https:\/\/ueboriente.cinesoft.cu\/wp-content\/uploads\/2020\/12\/ingreso3.jpg\" src=\"https:\/\/ueboriente.cinesoft.cu\/wp-content\/uploads\/2020\/12\/pruebaingreso3.webm\"><\/video><figcaption>Espa\u00f1ol. Estructuras gramaticales<\/figcaption><\/figure>\n<\/div>\n\n\n\n<div class=\"wp-block-column is-layout-flow\">\n<figure class=\"wp-block-video\"><video controls poster=\"https:\/\/ueboriente.cinesoft.cu\/wp-content\/uploads\/2020\/12\/ingreso4.jpg\" src=\"https:\/\/ueboriente.cinesoft.cu\/wp-content\/uploads\/2020\/12\/pruebaingreso4.webm\"><\/video><figcaption>Espa\u00f1ol. L\u00e9xico y Ortograf\u00eda<\/figcaption><\/figure>\n<\/div>\n<\/div>\n\n\n\n<hr class=\"wp-block-separator\"\/>\n\n\n\n<h4 class=\"has-text-align-center wp-block-heading\">HISTORIA<\/h4>\n\n\n\n<div class=\"wp-block-columns is-layout-flex wp-container-9\">\n<div class=\"wp-block-column is-layout-flow\">\n<figure class=\"wp-block-video\"><video controls poster=\"https:\/\/ueboriente.cinesoft.cu\/wp-content\/uploads\/2020\/12\/historia1.jpg\" src=\"https:\/\/ueboriente.cinesoft.cu\/wp-content\/uploads\/2020\/12\/historia1.webm\"><\/video><figcaption>Historia de Cuba. Vol. I<\/figcaption><\/figure>\n<\/div>\n\n\n\n<div class=\"wp-block-column is-layout-flow\">\n<figure class=\"wp-block-video\"><video controls poster=\"https:\/\/ueboriente.cinesoft.cu\/wp-content\/uploads\/2020\/12\/historia2.jpg\" src=\"https:\/\/ueboriente.cinesoft.cu\/wp-content\/uploads\/2020\/12\/historia2.webm\"><\/video><figcaption>Historia de Cuba. Vol. II<\/figcaption><\/figure>\n<\/div>\n<\/div>\n\n\n\n<div class=\"wp-block-columns is-layout-flex wp-container-12\">\n<div class=\"wp-block-column is-layout-flow\">\n<figure class=\"wp-block-video\"><video controls poster=\"https:\/\/ueboriente.cinesoft.cu\/wp-content\/uploads\/2020\/12\/historia3.jpg\" src=\"https:\/\/ueboriente.cinesoft.cu\/wp-content\/uploads\/2020\/12\/historia3.webm\"><\/video><figcaption>Historia de Cuba. Vol. III<\/figcaption><\/figure>\n<\/div>\n\n\n\n<div class=\"wp-block-column is-layout-flow\"><\/div>\n<\/div>\n\n\n\n<hr class=\"wp-block-separator\"\/>\n\n\n\n<h4 class=\"has-text-align-center wp-block-heading\">MATEM\u00c1TICA<\/h4>\n\n\n\n<div class=\"wp-block-columns is-layout-flex wp-container-15\">\n<div class=\"wp-block-column is-layout-flow\">\n<figure class=\"wp-block-video\"><video controls poster=\"https:\/\/ueboriente.cinesoft.cu\/wp-content\/uploads\/2020\/12\/matematica1.jpg\" src=\"https:\/\/ueboriente.cinesoft.cu\/wp-content\/uploads\/2020\/12\/matematica1.webm\"><\/video><figcaption>Matem\u00e1tica. Dominios num\u00e9ricos. Vol. I<\/figcaption><\/figure>\n<\/div>\n\n\n\n<div class=\"wp-block-column is-layout-flow\">\n<figure class=\"wp-block-video\"><video controls poster=\"https:\/\/ueboriente.cinesoft.cu\/wp-content\/uploads\/2020\/12\/matematica2.jpg\" src=\"https:\/\/ueboriente.cinesoft.cu\/wp-content\/uploads\/2020\/12\/matematica2.webm\"><\/video><figcaption>Matem\u00e1tica. Ecuaciones e inecuaciones. Vol. II<\/figcaption><\/figure>\n<\/div>\n<\/div>\n\n\n\n<div class=\"wp-block-columns is-layout-flex wp-container-18\">\n<div class=\"wp-block-column is-layout-flow\">\n<figure class=\"wp-block-video\"><video controls poster=\"https:\/\/ueboriente.cinesoft.cu\/wp-content\/uploads\/2020\/12\/matematica3.jpg\" src=\"https:\/\/ueboriente.cinesoft.cu\/wp-content\/uploads\/2020\/12\/matematica3.webm\"><\/video><figcaption>Matem\u00e1tica. Problemas que se resuelven utilizando sistemas de<br>ecuaciones Vol. III<\/figcaption><\/figure>\n<\/div>\n\n\n\n<div class=\"wp-block-column is-layout-flow\">\n<figure class=\"wp-block-video\"><video controls poster=\"https:\/\/ueboriente.cinesoft.cu\/wp-content\/uploads\/2020\/12\/matematica4.jpg\" src=\"https:\/\/ueboriente.cinesoft.cu\/wp-content\/uploads\/2020\/12\/matematica4.webm\"><\/video><figcaption>Matem\u00e1tica. Trigonometr\u00eda. Vol. IV<\/figcaption><\/figure>\n<\/div>\n<\/div>\n\n\n\n<div class=\"wp-block-columns is-layout-flex wp-container-21\">\n<div class=\"wp-block-column is-layout-flow\">\n<figure class=\"wp-block-video\"><video controls poster=\"https:\/\/ueboriente.cinesoft.cu\/wp-content\/uploads\/2020\/12\/matematica5.jpg\" src=\"https:\/\/ueboriente.cinesoft.cu\/wp-content\/uploads\/2020\/12\/matematica5.webm\"><\/video><figcaption>Matem\u00e1tica. Funciones. Vol. V<\/figcaption><\/figure>\n<\/div>\n\n\n\n<div class=\"wp-block-column is-layout-flow\">\n<figure class=\"wp-block-video\"><video controls poster=\"https:\/\/ueboriente.cinesoft.cu\/wp-content\/uploads\/2020\/12\/matematica6.jpg\" src=\"https:\/\/ueboriente.cinesoft.cu\/wp-content\/uploads\/2020\/12\/matematica6.webm\"><\/video><figcaption>Matem\u00e1tica. Demostraciones y c\u00e1lculo en figuras planas. Vol. VI<\/figcaption><\/figure>\n<\/div>\n<\/div>\n\n\n\n<div class=\"wp-block-columns is-layout-flex wp-container-24\">\n<div class=\"wp-block-column is-layout-flow\">\n<figure class=\"wp-block-video\"><video controls poster=\"https:\/\/ueboriente.cinesoft.cu\/wp-content\/uploads\/2020\/12\/matematica7.jpg\" src=\"https:\/\/ueboriente.cinesoft.cu\/wp-content\/uploads\/2020\/12\/matematica7.webm\"><\/video><figcaption>Matem\u00e1tica. Demostraciones y c\u00e1lculo en cuerpos geom\u00e9tricos. Vol. VII<\/figcaption><\/figure>\n<\/div>\n\n\n\n<div class=\"wp-block-column is-layout-flow\"><\/div>\n<\/div>\n","protected":false},"excerpt":{"rendered":"<p>ESPA\u00d1OL HISTORIA MATEM\u00c1TICA<\/p>\n","protected":false},"author":1,"featured_media":0,"parent":0,"menu_order":0,"comment_status":"closed","ping_status":"closed","template":"","meta":[],"_links":{"self":[{"href":"https:\/\/ueboriente.cinesoft.cu\/index.php?rest_route=\/wp\/v2\/pages\/704"}],"collection":[{"href":"https:\/\/ueboriente.cinesoft.cu\/index.php?rest_route=\/wp\/v2\/pages"}],"about":[{"href":"https:\/\/ueboriente.cinesoft.cu\/index.php?rest_route=\/wp\/v2\/types\/page"}],"author":[{"embeddable":true,"href":"https:\/\/ueboriente.cinesoft.cu\/index.php?rest_route=\/wp\/v2\/users\/1"}],"replies":[{"embeddable":true,"href":"https:\/\/ueboriente.cinesoft.cu\/index.php?rest_route=%2Fwp%2Fv2%2Fcomments&post=704"}],"version-history":[{"count":28,"href":"https:\/\/ueboriente.cinesoft.cu\/index.php?rest_route=\/wp\/v2\/pages\/704\/revisions"}],"predecessor-version":[{"id":841,"href":"https:\/\/ueboriente.cinesoft.cu\/index.php?rest_route=\/wp\/v2\/pages\/704\/revisions\/841"}],"wp:attachment":[{"href":"https:\/\/ueboriente.cinesoft.cu\/index.php?rest_route=%2Fwp%2Fv2%2Fmedia&parent=704"}],"curies":[{"name":"wp","href":"https:\/\/api.w.org\/{rel}","templated":true}]}}